{"id":78,"date":"2025-05-20T01:15:08","date_gmt":"2025-05-20T01:15:08","guid":{"rendered":"https:\/\/copapotenza.weela.com.br\/?page_id=78"},"modified":"2025-09-30T22:20:39","modified_gmt":"2025-09-30T22:20:39","slug":"resultados-categoria-300cc-2025","status":"publish","type":"page","link":"https:\/\/www.copapotenza.com.br\/?page_id=78","title":{"rendered":"Resultados Categoria 300-400cc 2025"},"content":{"rendered":"\n<details class=\"wp-block-details has-text-color has-background has-link-color has-medium-font-size wp-elements-2d6aa9ffb839a5ceea31535ae3dc90ea is-layout-flow wp-block-details-is-layout-flow\" style=\"color:#424242;background-color:#e8e8ea;font-style:normal;font-weight:600\"><summary>1\u00aa Etapa &#8211; 30 de mar\u00e7o de 2025<\/summary>\n<pre class=\"wp-block-preformatted has-small-font-size\">Treino Livre 01<br>Treino Livre 02<br><a href=\"https:\/\/copapotenza.weela.com.br\/wp-content\/uploads\/2025\/05\/300-400-3o-Treino-Livre-300-400-Pro-Light-Iniciante-Geral-e-Classes.pdf\" data-type=\"link\" data-id=\"https:\/\/copapotenza.weela.com.br\/wp-content\/uploads\/2025\/05\/300-400-3o-Treino-Livre-300-400-Pro-Light-Iniciante-Geral-e-Classes.pdf\" target=\"_blank\" rel=\"noreferrer noopener nofollow\">Treino Livre 03<\/a><div class=\"sendToPdfFiller\" data-url=\"https:\/\/copapotenza.weela.com.br\/wp-content\/uploads\/2025\/05\/300-400-3o-Treino-Livre-300-400-Pro-Light-Iniciante-Geral-e-Classes.pdf\" style=\"position: static; width: 40px; display: inline-block; margin-left: 10px;\" title=\"Open with pdfFiller\"><img decoding=\"async\" style=\"background: none\" src=\"chrome-extension:\/\/gphandlahdpffmccakmbngmbjnjiiahp\/img\/icon-fill.png\"><\/div><br><a href=\"https:\/\/copapotenza.weela.com.br\/wp-content\/uploads\/2025\/05\/300-400-1o-Classificatorio-300-400-Pro-Light-Geral-e-Classes.pdf\" data-type=\"link\" data-id=\"https:\/\/copapotenza.weela.com.br\/wp-content\/uploads\/2025\/05\/300-400-1o-Classificatorio-300-400-Pro-Light-Geral-e-Classes.pdf\" target=\"_blank\" rel=\"noreferrer noopener\">Classificat\u00f3rio 01 - Pr\u00f3 e light<\/a><div class=\"sendToPdfFiller\" data-url=\"https:\/\/copapotenza.weela.com.br\/wp-content\/uploads\/2025\/05\/300-400-1o-Classificatorio-300-400-Pro-Light-Geral-e-Classes.pdf\" style=\"position: static; width: 40px; display: inline-block; margin-left: 10px;\" title=\"Open with pdfFiller\"><img decoding=\"async\" style=\"background: none\" src=\"chrome-extension:\/\/gphandlahdpffmccakmbngmbjnjiiahp\/img\/icon-fill.png\"><\/div><br><a href=\"https:\/\/copapotenza.weela.com.br\/wp-content\/uploads\/2025\/05\/300-400-1o-Classificatorio-300-400-Iniciante-Geral-e-Classes.pdf\" data-type=\"link\" data-id=\"https:\/\/copapotenza.weela.com.br\/wp-content\/uploads\/2025\/05\/300-400-1o-Classificatorio-300-400-Iniciante-Geral-e-Classes.pdf\" target=\"_blank\" rel=\"noreferrer noopener\">Classificat\u00f3rio 01 - Iniciante<\/a><br><a href=\"https:\/\/copapotenza.weela.com.br\/wp-content\/uploads\/2025\/05\/300-400-2o-Classificatorio-300-400-Pro-Light-Geral-e-Classes.pdf\" data-type=\"link\" data-id=\"https:\/\/copapotenza.weela.com.br\/wp-content\/uploads\/2025\/05\/300-400-2o-Classificatorio-300-400-Pro-Light-Geral-e-Classes.pdf\" target=\"_blank\" rel=\"noreferrer noopener\">Classificat\u00f3rio 02 - Pr\u00f3 e light<\/a><br><a href=\"https:\/\/copapotenza.weela.com.br\/wp-content\/uploads\/2025\/05\/300-400-2o-Classificatorio-300-400-Iniciante-Geral-e-Classes.pdf\" data-type=\"link\" data-id=\"https:\/\/copapotenza.weela.com.br\/wp-content\/uploads\/2025\/05\/300-400-2o-Classificatorio-300-400-Iniciante-Geral-e-Classes.pdf\" target=\"_blank\" rel=\"noreferrer noopener\">Classificat\u00f3rio 02 - iniciante<\/a><br><a href=\"https:\/\/copapotenza.weela.com.br\/wp-content\/uploads\/2025\/05\/Consolidado-Geral-300-400cc.pdf\" data-type=\"link\" data-id=\"https:\/\/copapotenza.weela.com.br\/wp-content\/uploads\/2025\/05\/Consolidado-Geral-300-400cc.pdf\" target=\"_blank\" rel=\"noreferrer noopener\">Superpole consolida\u00e7\u00e3o geral<\/a><div class=\"sendToPdfFiller\" data-url=\"https:\/\/copapotenza.weela.com.br\/wp-content\/uploads\/2025\/05\/Consolidado-Geral-300-400cc.pdf\" style=\"position: static; width: 40px; display: inline-block; margin-left: 10px;\" title=\"Open with pdfFiller\"><img decoding=\"async\" style=\"background: none\" src=\"chrome-extension:\/\/gphandlahdpffmccakmbngmbjnjiiahp\/img\/icon-fill.png\"><\/div><br><a href=\"https:\/\/copapotenza.weela.com.br\/wp-content\/uploads\/2025\/05\/300-400-Corrida-300-400-Pro-Light-Iniciante-StartingGrid.pdf\" data-type=\"link\" data-id=\"https:\/\/copapotenza.weela.com.br\/wp-content\/uploads\/2025\/05\/300-400-Corrida-300-400-Pro-Light-Iniciante-StartingGrid.pdf\" target=\"_blank\" rel=\"noreferrer noopener\">Grid de Largada<\/a><div class=\"sendToPdfFiller\" data-url=\"https:\/\/copapotenza.weela.com.br\/wp-content\/uploads\/2025\/05\/300-400-Corrida-300-400-Pro-Light-Iniciante-StartingGrid.pdf\" style=\"position: static; width: 40px; display: inline-block; margin-left: 10px;\" title=\"Open with pdfFiller\"><img decoding=\"async\" style=\"background: none\" src=\"chrome-extension:\/\/gphandlahdpffmccakmbngmbjnjiiahp\/img\/icon-fill.png\"><\/div><br><a href=\"https:\/\/copapotenza.weela.com.br\/wp-content\/uploads\/2025\/05\/300-400-Warm-up-300-400-Pro-Light-Iniciante-Geral-e-Classes.pdf\" data-type=\"link\" data-id=\"https:\/\/copapotenza.weela.com.br\/wp-content\/uploads\/2025\/05\/300-400-Warm-up-300-400-Pro-Light-Iniciante-Geral-e-Classes.pdf\" target=\"_blank\" rel=\"noreferrer noopener\">Warm-up<\/a><br><a href=\"https:\/\/copapotenza.weela.com.br\/wp-content\/uploads\/2025\/05\/300-400-Corrida-300-400-Pro-Light-Iniciante-Geral-e-Classes.pdf\" data-type=\"link\" data-id=\"https:\/\/copapotenza.weela.com.br\/wp-content\/uploads\/2025\/05\/300-400-Corrida-300-400-Pro-Light-Iniciante-Geral-e-Classes.pdf\" target=\"_blank\" rel=\"noreferrer noopener\">Resultado da corrida<\/a><br><a href=\"https:\/\/copapotenza.weela.com.br\/wp-content\/uploads\/2025\/05\/300-400-Corrida-300-400-Pro-Light-Iniciante-Laptimes.pdf\" data-type=\"link\" data-id=\"https:\/\/copapotenza.weela.com.br\/wp-content\/uploads\/2025\/05\/300-400-Corrida-300-400-Pro-Light-Iniciante-Laptimes.pdf\" target=\"_blank\" rel=\"noreferrer noopener\">Corrida LapTimes<\/a><\/pre>\n<\/details>\n\n\n\n<hr class=\"wp-block-separator has-alpha-channel-opacity\"\/>\n\n\n\n<details class=\"wp-block-details has-text-color has-background has-link-color has-medium-font-size wp-elements-49feb50e91240465ecf9b21815d43183 is-layout-flow wp-block-details-is-layout-flow\" style=\"color:#424242;background-color:#e8e8ea;font-style:normal;font-weight:600\"><summary>2\u00aa Etapa &#8211; 01 de junho de 2025<\/summary>\n<pre class=\"wp-block-preformatted has-small-font-size\">Treino Livre 01<br>Treino Livre 02<br>Treino Livre 03<div class=\"sendToPdfFiller\" data-url=\"https:\/\/copapotenza.weela.com.br\/wp-content\/uploads\/2025\/05\/300-400-3o-Treino-Livre-300-400-Pro-Light-Iniciante-Geral-e-Classes.pdf\" style=\"position: static; width: 40px; display: inline-block; margin-left: 10px;\" title=\"Open with pdfFiller\"><img decoding=\"async\" style=\"background: none\" src=\"chrome-extension:\/\/gphandlahdpffmccakmbngmbjnjiiahp\/img\/icon-fill.png\"><\/div><br>Classificat\u00f3rio 01 - Pr\u00f3 e light<div class=\"sendToPdfFiller\" data-url=\"https:\/\/copapotenza.weela.com.br\/wp-content\/uploads\/2025\/05\/300-400-1o-Classificatorio-300-400-Pro-Light-Geral-e-Classes.pdf\" style=\"position: static; width: 40px; display: inline-block; margin-left: 10px;\" title=\"Open with pdfFiller\"><img decoding=\"async\" style=\"background: none\" src=\"chrome-extension:\/\/gphandlahdpffmccakmbngmbjnjiiahp\/img\/icon-fill.png\"><\/div><br>Classificat\u00f3rio 01 - Iniciante<br>Classificat\u00f3rio 02 - Pr\u00f3 e light<br>Classificat\u00f3rio 02 - iniciante<br>Superpole consolida\u00e7\u00e3o geral<div class=\"sendToPdfFiller\" data-url=\"https:\/\/copapotenza.weela.com.br\/wp-content\/uploads\/2025\/05\/Consolidado-Geral-300-400cc.pdf\" style=\"position: static; width: 40px; display: inline-block; margin-left: 10px;\" title=\"Open with pdfFiller\"><img decoding=\"async\" style=\"background: none\" src=\"chrome-extension:\/\/gphandlahdpffmccakmbngmbjnjiiahp\/img\/icon-fill.png\"><\/div><br>Grid de Largada<div class=\"sendToPdfFiller\" data-url=\"https:\/\/copapotenza.weela.com.br\/wp-content\/uploads\/2025\/05\/300-400-Corrida-300-400-Pro-Light-Iniciante-StartingGrid.pdf\" style=\"position: static; width: 40px; display: inline-block; margin-left: 10px;\" title=\"Open with pdfFiller\"><img decoding=\"async\" style=\"background: none\" src=\"chrome-extension:\/\/gphandlahdpffmccakmbngmbjnjiiahp\/img\/icon-fill.png\"><\/div><br>Warm-up<br>Resultado da corrida<br>Corrida LapTimes<br><\/pre>\n<\/details>\n\n\n\n<hr class=\"wp-block-separator has-alpha-channel-opacity\"\/>\n\n\n\n<details class=\"wp-block-details has-text-color has-background has-link-color has-medium-font-size wp-elements-09dcc8d9c08b4ff5cf1dcc50ffacdc9b is-layout-flow wp-block-details-is-layout-flow\" style=\"color:#424242;background-color:#e8e8ea;font-style:normal;font-weight:600\"><summary>3\u00aa Etapa &#8211; 13 de julho de 2025<\/summary>\n<pre class=\"wp-block-preformatted has-small-font-size\">Treino Livre 01<br>Treino Livre 02<br>Treino Livre 03<div class=\"sendToPdfFiller\" data-url=\"https:\/\/copapotenza.weela.com.br\/wp-content\/uploads\/2025\/05\/300-400-3o-Treino-Livre-300-400-Pro-Light-Iniciante-Geral-e-Classes.pdf\" style=\"position: static; width: 40px; display: inline-block; margin-left: 10px;\" title=\"Open with pdfFiller\"><img decoding=\"async\" style=\"background: none\" src=\"chrome-extension:\/\/gphandlahdpffmccakmbngmbjnjiiahp\/img\/icon-fill.png\"><\/div><br>Classificat\u00f3rio 01 - Pr\u00f3 e light<div class=\"sendToPdfFiller\" data-url=\"https:\/\/copapotenza.weela.com.br\/wp-content\/uploads\/2025\/05\/300-400-1o-Classificatorio-300-400-Pro-Light-Geral-e-Classes.pdf\" style=\"position: static; width: 40px; display: inline-block; margin-left: 10px;\" title=\"Open with pdfFiller\"><img decoding=\"async\" style=\"background: none\" src=\"chrome-extension:\/\/gphandlahdpffmccakmbngmbjnjiiahp\/img\/icon-fill.png\"><\/div><br>Classificat\u00f3rio 01 - Iniciante<br>Classificat\u00f3rio 02 - Pr\u00f3 e light<br>Classificat\u00f3rio 02 - iniciante<br>Superpole consolida\u00e7\u00e3o geral<div class=\"sendToPdfFiller\" data-url=\"https:\/\/copapotenza.weela.com.br\/wp-content\/uploads\/2025\/05\/Consolidado-Geral-300-400cc.pdf\" style=\"position: static; width: 40px; display: inline-block; margin-left: 10px;\" title=\"Open with pdfFiller\"><img decoding=\"async\" style=\"background: none\" src=\"chrome-extension:\/\/gphandlahdpffmccakmbngmbjnjiiahp\/img\/icon-fill.png\"><\/div><br>Grid de Largada<div class=\"sendToPdfFiller\" data-url=\"https:\/\/copapotenza.weela.com.br\/wp-content\/uploads\/2025\/05\/300-400-Corrida-300-400-Pro-Light-Iniciante-StartingGrid.pdf\" style=\"position: static; width: 40px; display: inline-block; margin-left: 10px;\" title=\"Open with pdfFiller\"><img decoding=\"async\" style=\"background: none\" src=\"chrome-extension:\/\/gphandlahdpffmccakmbngmbjnjiiahp\/img\/icon-fill.png\"><\/div><br>Warm-up<br>Resultado da corrida<br>Corrida LapTimes<br><\/pre>\n<\/details>\n\n\n\n<hr class=\"wp-block-separator has-alpha-channel-opacity\"\/>\n\n\n\n<details class=\"wp-block-details has-text-color has-background has-link-color has-medium-font-size wp-elements-ce6bb39faf623338694838dd553d1612 is-layout-flow wp-block-details-is-layout-flow\" style=\"color:#424242;background-color:#e8e8ea;font-style:normal;font-weight:600\"><summary>4\u00aa Etapa &#8211; 28 de setembro de 2025<\/summary>\n<pre class=\"wp-block-preformatted has-small-font-size\">Treino Livre 01<br>Treino Livre 02<br>Treino Livre 03<div class=\"sendToPdfFiller\" data-url=\"https:\/\/copapotenza.weela.com.br\/wp-content\/uploads\/2025\/05\/300-400-3o-Treino-Livre-300-400-Pro-Light-Iniciante-Geral-e-Classes.pdf\" style=\"position: static; width: 40px; display: inline-block; margin-left: 10px;\" title=\"Open with pdfFiller\"><img decoding=\"async\" style=\"background: none\" src=\"chrome-extension:\/\/gphandlahdpffmccakmbngmbjnjiiahp\/img\/icon-fill.png\"><\/div><br>Classificat\u00f3rio 01 - Pr\u00f3 e light<div class=\"sendToPdfFiller\" data-url=\"https:\/\/copapotenza.weela.com.br\/wp-content\/uploads\/2025\/05\/300-400-1o-Classificatorio-300-400-Pro-Light-Geral-e-Classes.pdf\" style=\"position: static; width: 40px; display: inline-block; margin-left: 10px;\" title=\"Open with pdfFiller\"><img decoding=\"async\" style=\"background: none\" src=\"chrome-extension:\/\/gphandlahdpffmccakmbngmbjnjiiahp\/img\/icon-fill.png\"><\/div><br>Classificat\u00f3rio 01 - Iniciante<br>Classificat\u00f3rio 02 - Pr\u00f3 e light<br>Classificat\u00f3rio 02 - iniciante<br>Superpole consolida\u00e7\u00e3o geral<div class=\"sendToPdfFiller\" data-url=\"https:\/\/copapotenza.weela.com.br\/wp-content\/uploads\/2025\/05\/Consolidado-Geral-300-400cc.pdf\" style=\"position: static; width: 40px; display: inline-block; margin-left: 10px;\" title=\"Open with pdfFiller\"><img decoding=\"async\" style=\"background: none\" src=\"chrome-extension:\/\/gphandlahdpffmccakmbngmbjnjiiahp\/img\/icon-fill.png\"><\/div><br>Grid de Largada<div class=\"sendToPdfFiller\" data-url=\"https:\/\/copapotenza.weela.com.br\/wp-content\/uploads\/2025\/05\/300-400-Corrida-300-400-Pro-Light-Iniciante-StartingGrid.pdf\" style=\"position: static; width: 40px; display: inline-block; margin-left: 10px;\" title=\"Open with pdfFiller\"><img decoding=\"async\" style=\"background: none\" src=\"chrome-extension:\/\/gphandlahdpffmccakmbngmbjnjiiahp\/img\/icon-fill.png\"><\/div><br>Warm-up<br><a href=\"https:\/\/www.copapotenza.com.br\/wp-content\/uploads\/2025\/09\/300-400cc-Corrida-11-Voltas-300-400-Pro-Light-Iniciante-Classes.pdf\">Resultado da corrida<\/a><br><a href=\"https:\/\/www.copapotenza.com.br\/wp-content\/uploads\/2025\/09\/300-400cc-Corrida-11-Voltas-300-400-Pro-Light-Iniciante-Laptimes.pdf\">Corrida LapTimes<\/a><br><\/pre>\n<\/details>\n\n\n\n<hr class=\"wp-block-separator has-alpha-channel-opacity\"\/>\n\n\n\n<details class=\"wp-block-details has-text-color has-background has-link-color has-medium-font-size wp-elements-4b8722c90fa3d2e88d6ee1bcab890ed7 is-layout-flow wp-block-details-is-layout-flow\" style=\"color:#424242;background-color:#e8e8ea;font-style:normal;font-weight:600\"><summary>5\u00aa Etapa &#8211; 02 de novembro de 2025<\/summary>\n<pre class=\"wp-block-preformatted has-small-font-size\">Treino Livre 01<br>Treino Livre 02<br>Treino Livre 03<div class=\"sendToPdfFiller\" data-url=\"https:\/\/copapotenza.weela.com.br\/wp-content\/uploads\/2025\/05\/300-400-3o-Treino-Livre-300-400-Pro-Light-Iniciante-Geral-e-Classes.pdf\" style=\"position: static; width: 40px; display: inline-block; margin-left: 10px;\" title=\"Open with pdfFiller\"><img decoding=\"async\" style=\"background: none\" src=\"chrome-extension:\/\/gphandlahdpffmccakmbngmbjnjiiahp\/img\/icon-fill.png\"><\/div><br>Classificat\u00f3rio 01 - Pr\u00f3 e light<div class=\"sendToPdfFiller\" data-url=\"https:\/\/copapotenza.weela.com.br\/wp-content\/uploads\/2025\/05\/300-400-1o-Classificatorio-300-400-Pro-Light-Geral-e-Classes.pdf\" style=\"position: static; width: 40px; display: inline-block; margin-left: 10px;\" title=\"Open with pdfFiller\"><img decoding=\"async\" style=\"background: none\" src=\"chrome-extension:\/\/gphandlahdpffmccakmbngmbjnjiiahp\/img\/icon-fill.png\"><\/div><br>Classificat\u00f3rio 01 - Iniciante<br>Classificat\u00f3rio 02 - Pr\u00f3 e light<br>Classificat\u00f3rio 02 - iniciante<br>Superpole consolida\u00e7\u00e3o geral<div class=\"sendToPdfFiller\" data-url=\"https:\/\/copapotenza.weela.com.br\/wp-content\/uploads\/2025\/05\/Consolidado-Geral-300-400cc.pdf\" style=\"position: static; width: 40px; display: inline-block; margin-left: 10px;\" title=\"Open with pdfFiller\"><img decoding=\"async\" style=\"background: none\" src=\"chrome-extension:\/\/gphandlahdpffmccakmbngmbjnjiiahp\/img\/icon-fill.png\"><\/div><br>Grid de Largada<div class=\"sendToPdfFiller\" data-url=\"https:\/\/copapotenza.weela.com.br\/wp-content\/uploads\/2025\/05\/300-400-Corrida-300-400-Pro-Light-Iniciante-StartingGrid.pdf\" style=\"position: static; width: 40px; display: inline-block; margin-left: 10px;\" title=\"Open with pdfFiller\"><img decoding=\"async\" style=\"background: none\" src=\"chrome-extension:\/\/gphandlahdpffmccakmbngmbjnjiiahp\/img\/icon-fill.png\"><\/div><br>Warm-up<br>Resultado da corrida<br>Corrida LapTimes<br><\/pre>\n<\/details>\n\n\n\n<p><\/p>\n","protected":false},"excerpt":{"rendered":"","protected":false},"author":1,"featured_media":0,"parent":0,"menu_order":0,"comment_status":"closed","ping_status":"closed","template":"","meta":{"footnotes":""},"class_list":["post-78","page","type-page","status-publish","hentry"],"rttpg_featured_image_url":null,"rttpg_author":{"display_name":"admin","author_link":"https:\/\/www.copapotenza.com.br\/?author=1"},"rttpg_comment":0,"rttpg_category":null,"rttpg_excerpt":null,"_links":{"self":[{"href":"https:\/\/www.copapotenza.com.br\/index.php?rest_route=\/wp\/v2\/pages\/78","targetHints":{"allow":["GET"]}}],"collection":[{"href":"https:\/\/www.copapotenza.com.br\/index.php?rest_route=\/wp\/v2\/pages"}],"about":[{"href":"https:\/\/www.copapotenza.com.br\/index.php?rest_route=\/wp\/v2\/types\/page"}],"author":[{"embeddable":true,"href":"https:\/\/www.copapotenza.com.br\/index.php?rest_route=\/wp\/v2\/users\/1"}],"replies":[{"embeddable":true,"href":"https:\/\/www.copapotenza.com.br\/index.php?rest_route=%2Fwp%2Fv2%2Fcomments&post=78"}],"version-history":[{"count":4,"href":"https:\/\/www.copapotenza.com.br\/index.php?rest_route=\/wp\/v2\/pages\/78\/revisions"}],"predecessor-version":[{"id":2442,"href":"https:\/\/www.copapotenza.com.br\/index.php?rest_route=\/wp\/v2\/pages\/78\/revisions\/2442"}],"wp:attachment":[{"href":"https:\/\/www.copapotenza.com.br\/index.php?rest_route=%2Fwp%2Fv2%2Fmedia&parent=78"}],"curies":[{"name":"wp","href":"https:\/\/api.w.org\/{rel}","templated":true}]}}