{"id":74,"date":"2025-05-20T01:11:29","date_gmt":"2025-05-20T01:11:29","guid":{"rendered":"https:\/\/copapotenza.weela.com.br\/?page_id=74"},"modified":"2025-05-20T01:11:29","modified_gmt":"2025-05-20T01:11:29","slug":"regulamento-tecnico-especificocategorias-600cc-a-1000cc","status":"publish","type":"page","link":"https:\/\/www.copapotenza.com.br\/?page_id=74","title":{"rendered":"REGULAMENTO T\u00c9CNICO ESPEC\u00cdFICOCATEGORIAS 600CC A 1000CC"},"content":{"rendered":"\n<p><em>(VERS\u00c3O 07.03.2025)<\/em><\/p>\n\n\n\n<p><strong>CONSIDERANDO QUE<\/strong><br>a) O Regulamento t\u00e9cnico espec\u00edfico de cada categoria automaticamente se sobrep\u00f5e ao texto<br>do Regulamento T\u00e9cnico Geral.<br>b) A apar\u00eancia da motocicleta pronta para competi\u00e7\u00e3o deve ser o mais fiel e aproximada poss\u00edvel<br>das marcas e modelos originais dispon\u00edveis e comercializadas ao p\u00fablico.<br>c) Todas as motocicletas aceitas nesta categoria devem ter motoriza\u00e7\u00e3o 4 T e serem motos de<br>fabrica\u00e7\u00e3o em massa, assim como estarem homologadas pela FIM.<br>d) As motos das seguintes cilindradas est\u00e3o liberadas para correr na categoria 600cc: \u2013 Acima de 400cc, at\u00e9 750cc 4 tempos, 4 cilindros. \u2013 Acima de 500cc, at\u00e9 675cc 4 tempos, 3 cilindros. \u2013 Acima de 600cc, at\u00e9 850cc 4 tempos, 2 cilindros. \u2013 A cilindrada deve ser mantida como original.<br>e) As motos das seguintes cilindradas est\u00e3o liberadas para correr na categoria 1000cc: \u2013 De 700cc, at\u00e9 1.499cc 4 tempos, 2, 3 ou 4 cilindros. \u2013 A cilindrada deve ser mantida como original do modelo.<br>f) A prepara\u00e7\u00e3o das motos \u00e9 liberada dentro dos crit\u00e9rios aqui descritos.<br>g) Eventuais d\u00favidas devem ser obrigatoriamente enviadas por escrito \u00e0 organiza\u00e7\u00e3o atrav\u00e9s do<br>e-mail givanildo@ferkyt.com.br com o texto \u201cRegulamento T\u00e9cnico\u201d no campo assunto. As<br>quest\u00f5es ser\u00e3o avaliadas e ter\u00e3o sua primeira resposta em at\u00e9 48h. Assuntos t\u00e9cnicos somente<br>tem validade quando tratados por escrito.<br>h) Todos os impasses ser\u00e3o avaliados e eventualmente julgados pelos poderes sociais que<br>arbitram e homologam este regulamento.<\/p>\n\n\n\n<p><br><strong>ESPECIFICA\u00c7\u00d5ES T\u00c9CNICAS<\/strong><\/p>\n\n\n\n<ol class=\"wp-block-list\">\n<li>As categorias 1.000cc e 600cc tem o item \u201cmotor\u201d liberado para receber prepara\u00e7\u00e3o em todos<br>os seus componentes (exemplo: c\u00e2mbio, alternador, cabe\u00e7ote, pist\u00f5es, bielas, e virabrequim<br>entre outros), restando somente a cilindrada, que deve ser mantida a original do modelo.<\/li>\n\n\n\n<li>Partes do chassi mais relevantes como balan\u00e7a, quadro A, bengalas, e conjunto dianteiro<br>completo da mesa, devem obrigatoriamente ser mantidos originais do modelo.<\/li>\n\n\n\n<li>Todo sistema el\u00e9trico (chicote) e eletr\u00f4nico (ECU) tem sua total e completa substitui\u00e7\u00e3o ou<br>prepara\u00e7\u00e3o permitida, assim como o uso de telemetria, que tamb\u00e9m \u00e9 liberado.<\/li>\n\n\n\n<li>Itens liberados: os itens aqui listados PODEM ser preparados, ou substitu\u00eddos por op\u00e7\u00f5es que<br>provenham mais desempenho e ofere\u00e7am reconhecida qualidade e seguran\u00e7a:<br>4.1. Sistema completo de freio \u2013 discos, pin\u00e7as, pastilhas, flex\u00edvel e acionador.<br>4.2. Pedaleiras, barras, clamps.<br>4.3. Escapamento.<br>4.4. Rodas.<br>4.5. Rela\u00e7\u00e3o.<br>4.6. Eletr\u00f4nica.<br>4.7. Acelerador.<br>4.8. Radiador.<br>4.9. Alternador.<br>4.10. Painel.<br>4.11. Suspens\u00e3o traseira completa.<br>4.12. Suspens\u00e3o dianteira apenas cartuchos.<br>4.13. Quadro B.<br>4.14. Link da suspens\u00e3o traseira.<br>4.15. Carenagem.<\/li>\n\n\n\n<li>Itens n\u00e3o liberados, restritos, e de substitui\u00e7\u00e3o proibida: os itens aqui listados N\u00c3O PODEM<br>ser preparados, ou substitu\u00eddos, devendo ser mantidos originais de f\u00e1brica.<br>5.1. Chassi A.<br>5.2. Balan\u00e7a.<br>5.3. Bengalas.<br>5.4. Conjunto completo da mesa dianteira.<br>5.5. Cilindrada.<\/li>\n\n\n\n<li>Chassi: partes do chassi t\u00eam sua prepara\u00e7\u00e3o ou substitui\u00e7\u00e3o proibida\/restrita, sendo<br>permitida apenas a troca do link da suspens\u00e3o traseira por outros modelos que permitam<br>diferentes ajustes. Os itens descritos abaixo devem ser mantidos originais do modelo:<br>6.1. Balan\u00e7a.<br>6.2. Quadro A.<br>6.3. Mesa e seu conjunto completo.<br>6.4. Bengalas dianteiras (somente seus cartuchos podem ser substitu\u00eddos).<\/li>\n\n\n\n<li>Motor: os motores das categorias em quest\u00e3o podem ser preparados.<\/li>\n\n\n\n<li>Seguran\u00e7a: a categoria dever\u00e1 seguir todas as orienta\u00e7\u00f5es publicadas atrav\u00e9s das circulares<br>oficiais e atenderem as exig\u00eancias do \u201cregulamento t\u00e9cnico geral\u201d em rela\u00e7\u00e3o aos itens de<br>seguran\u00e7a, lacres e demais preparativos.<\/li>\n\n\n\n<li>Pneus: \u00e9 permitido o uso de qualquer marca\/modelo de pneu, desde que estejam em bom<br>estado e n\u00e3o coloque em risco a seguran\u00e7a do piloto. Os pneus ser\u00e3o verificados pelo<br>vistoriador t\u00e9cnico do evento e caso ele julgue que o pneu n\u00e3o tenha condi\u00e7\u00f5es de uso, a<br>organiza\u00e7\u00e3o solicitara a troca imediata.<\/li>\n<\/ol>\n\n\n\n<p><strong><em>Comit\u00ea Organizador Copa Potenza<\/em><\/strong><\/p>\n\n\n\n<p><\/p>\n","protected":false},"excerpt":{"rendered":"<p>(VERS\u00c3O 07.03.2025) CONSIDERANDO QUEa) O Regulamento t\u00e9cnico espec\u00edfico de cada categoria automaticamente se sobrep\u00f5e ao textodo Regulamento T\u00e9cnico Geral.b) A apar\u00eancia da motocicleta pronta para competi\u00e7\u00e3o deve ser o mais fiel e aproximada poss\u00edveldas marcas e modelos originais dispon\u00edveis e comercializadas ao p\u00fablico.c) Todas as motocicletas aceitas nesta categoria devem ter motoriza\u00e7\u00e3o 4 T e [&hellip;]<\/p>\n","protected":false},"author":1,"featured_media":0,"parent":0,"menu_order":0,"comment_status":"closed","ping_status":"closed","template":"","meta":{"footnotes":""},"class_list":["post-74","page","type-page","status-publish","hentry"],"rttpg_featured_image_url":null,"rttpg_author":{"display_name":"admin","author_link":"https:\/\/www.copapotenza.com.br\/?author=1"},"rttpg_comment":0,"rttpg_category":null,"rttpg_excerpt":"(VERS\u00c3O 07.03.2025) CONSIDERANDO QUEa) O Regulamento t\u00e9cnico espec\u00edfico de cada categoria automaticamente se sobrep\u00f5e ao textodo Regulamento T\u00e9cnico Geral.b) A apar\u00eancia da motocicleta pronta para competi\u00e7\u00e3o deve ser o mais fiel e aproximada poss\u00edveldas marcas e modelos originais dispon\u00edveis e comercializadas ao p\u00fablico.c) Todas as motocicletas aceitas nesta categoria devem ter motoriza\u00e7\u00e3o 4 T e&hellip;","_links":{"self":[{"href":"https:\/\/www.copapotenza.com.br\/index.php?rest_route=\/wp\/v2\/pages\/74","targetHints":{"allow":["GET"]}}],"collection":[{"href":"https:\/\/www.copapotenza.com.br\/index.php?rest_route=\/wp\/v2\/pages"}],"about":[{"href":"https:\/\/www.copapotenza.com.br\/index.php?rest_route=\/wp\/v2\/types\/page"}],"author":[{"embeddable":true,"href":"https:\/\/www.copapotenza.com.br\/index.php?rest_route=\/wp\/v2\/users\/1"}],"replies":[{"embeddable":true,"href":"https:\/\/www.copapotenza.com.br\/index.php?rest_route=%2Fwp%2Fv2%2Fcomments&post=74"}],"version-history":[{"count":1,"href":"https:\/\/www.copapotenza.com.br\/index.php?rest_route=\/wp\/v2\/pages\/74\/revisions"}],"predecessor-version":[{"id":76,"href":"https:\/\/www.copapotenza.com.br\/index.php?rest_route=\/wp\/v2\/pages\/74\/revisions\/76"}],"wp:attachment":[{"href":"https:\/\/www.copapotenza.com.br\/index.php?rest_route=%2Fwp%2Fv2%2Fmedia&parent=74"}],"curies":[{"name":"wp","href":"https:\/\/api.w.org\/{rel}","templated":true}]}}