{"id":347,"date":"2025-05-20T16:29:17","date_gmt":"2025-05-20T16:29:17","guid":{"rendered":"https:\/\/copapotenza.weela.com.br\/?page_id=347"},"modified":"2025-09-23T17:47:26","modified_gmt":"2025-09-23T17:47:26","slug":"pagar-inscricao","status":"publish","type":"page","link":"https:\/\/www.copapotenza.com.br\/?page_id=347","title":{"rendered":"Pagar inscri\u00e7\u00e3o"},"content":{"rendered":"\t\t<div data-elementor-type=\"wp-page\" data-elementor-id=\"347\" class=\"elementor elementor-347\" data-elementor-post-type=\"page\">\n\t\t\t\t<div class=\"elementor-element elementor-element-9cb9ec5 e-flex e-con-boxed e-con e-parent\" data-id=\"9cb9ec5\" data-element_type=\"container\">\n\t\t\t\t\t<div class=\"e-con-inner\">\n\t\t\t\t<div class=\"elementor-element elementor-element-e8d5406 elementor-widget elementor-widget-heading\" data-id=\"e8d5406\" data-element_type=\"widget\" data-widget_type=\"heading.default\">\n\t\t\t\t<div class=\"elementor-widget-container\">\n\t\t\t\t\t<h2 class=\"elementor-heading-title elementor-size-default\">Participe desse sucesso!!!<\/h2>\t\t\t\t<\/div>\n\t\t\t\t<\/div>\n\t\t\t\t\t<\/div>\n\t\t\t\t<\/div>\n\t\t<div class=\"elementor-element elementor-element-e4474df e-flex e-con-boxed e-con e-parent\" data-id=\"e4474df\" data-element_type=\"container\">\n\t\t\t\t\t<div class=\"e-con-inner\">\n\t\t\t\t<div class=\"elementor-element elementor-element-9995218 elementor-widget elementor-widget-text-editor\" data-id=\"9995218\" data-element_type=\"widget\" data-widget_type=\"text-editor.default\">\n\t\t\t\t<div class=\"elementor-widget-container\">\n\t\t\t\t\t\t\t\t\t<p class=\"\" data-start=\"225\" data-end=\"298\">Voc\u00ea est\u00e1 a poucos passos de acelerar no Aut\u00f3dromo Internacional Potenza!<\/p><p class=\"\" data-start=\"300\" data-end=\"557\">A <strong data-start=\"302\" data-end=\"336\">Copa Potenza de Motovelocidade<\/strong> \u00e9 uma competi\u00e7\u00e3o que valoriza o talento dos pilotos, com organiza\u00e7\u00e3o s\u00e9ria, estrutura profissional e transmiss\u00e3o ao vivo com narra\u00e7\u00e3o do renomado <strong data-start=\"483\" data-end=\"496\">Ale Eiras<\/strong> no canal <a class=\"\" href=\"https:\/\/www.youtube.com\/@TorcidaWeb\" target=\"_new\" rel=\"noopener\" data-start=\"506\" data-end=\"556\">Torcida Web<\/a>.<\/p><h3 class=\"\" data-start=\"559\" data-end=\"577\">Como funciona:<\/h3><ul data-start=\"578\" data-end=\"871\"><li class=\"\" data-start=\"578\" data-end=\"620\"><p class=\"\" data-start=\"580\" data-end=\"620\">A inscri\u00e7\u00e3o \u00e9 feita <strong data-start=\"600\" data-end=\"619\">etapa por etapa<\/strong>.<\/p><\/li><li class=\"\" data-start=\"621\" data-end=\"728\"><p class=\"\" data-start=\"623\" data-end=\"728\">Ap\u00f3s efetuar o pagamento abaixo, entre em contato pelo WhatsApp (32) 8402-2003.<\/p><\/li><li class=\"\" data-start=\"729\" data-end=\"871\"><p class=\"\" data-start=\"731\" data-end=\"871\">O pagamento confirma sua participa\u00e7\u00e3o na etapa e garante acesso \u00e0 infraestrutura do evento (box, resgate, cronometragem e dire\u00e7\u00e3o de prova).<\/p><\/li><\/ul><h3 class=\"\" data-start=\"873\" data-end=\"897\">Formas de pagamento:<\/h3><ul data-start=\"898\" data-end=\"948\"><li class=\"\" data-start=\"898\" data-end=\"903\"><p class=\"\" data-start=\"900\" data-end=\"903\">Pix<\/p><\/li><li class=\"\" data-start=\"904\" data-end=\"923\"><p class=\"\" data-start=\"906\" data-end=\"923\">Cart\u00e3o de cr\u00e9dito<\/p><\/li><\/ul><h3 class=\"\" data-start=\"873\" data-end=\"897\">Valores copa 2025:<\/h3><ul data-start=\"898\" data-end=\"948\"><li class=\"\" data-start=\"898\" data-end=\"903\"><p class=\"\" data-start=\"900\" data-end=\"903\">1000cc &#8211; R$900,00<\/p><\/li><li class=\"\" data-start=\"904\" data-end=\"923\"><p class=\"\" data-start=\"906\" data-end=\"923\">600cc &#8211; R$ 800,00<\/p><\/li><li class=\"\" data-start=\"904\" data-end=\"923\"><p class=\"\" data-start=\"906\" data-end=\"923\">300cc e 400cc &#8211; R$600,00<\/p><\/li><\/ul><h3 class=\"\" data-start=\"1061\" data-end=\"1079\">Pr\u00f3xima Etapa:<\/h3><p class=\"\" data-start=\"1080\" data-end=\"1218\"><img decoding=\"async\" class=\"emoji\" role=\"img\" draggable=\"false\" src=\"https:\/\/s.w.org\/images\/core\/emoji\/15.1.0\/svg\/1f4c5.svg\" alt=\"\ud83d\udcc5\" \/> <strong data-start=\"1083\" data-end=\"1116\">28 de setembro de 2025 (domingo)<\/strong><br data-start=\"1116\" data-end=\"1119\" \/><img decoding=\"async\" class=\"emoji\" role=\"img\" draggable=\"false\" src=\"https:\/\/s.w.org\/images\/core\/emoji\/15.1.0\/svg\/1f4cd.svg\" alt=\"\ud83d\udccd\" \/> Aut\u00f3dromo Internacional Potenza \u2013 Lima Duarte\/MG<br data-start=\"1170\" data-end=\"1173\" \/><img decoding=\"async\" class=\"emoji\" role=\"img\" draggable=\"false\" src=\"https:\/\/s.w.org\/images\/core\/emoji\/15.1.0\/svg\/1f3c1.svg\" alt=\"\ud83c\udfc1\" \/> Treinos e credenciamento no s\u00e1bado (27\/09)<\/p><hr class=\"\" data-start=\"1220\" data-end=\"1223\" \/><p class=\"\" data-start=\"1225\" data-end=\"1450\"><strong data-start=\"1225\" data-end=\"1240\">Importante:<\/strong><br data-start=\"1240\" data-end=\"1243\" \/>Sua inscri\u00e7\u00e3o s\u00f3 ser\u00e1 validada ap\u00f3s confirma\u00e7\u00e3o do pagamento.<br data-start=\"1304\" data-end=\"1307\" \/>Caso precise de suporte, entre em contato pelo Instagram <a class=\"\" href=\"https:\/\/www.instagram.com\/copapotenza\" target=\"_new\" rel=\"noopener\" data-start=\"1364\" data-end=\"1417\">@copapotenza<\/a> ou por WhatsApp (32) 8402-2003.<\/p><p data-start=\"176\" data-end=\"382\">Para pagar com pix escolha via QRCode ou pix copia e cola:<\/p>\t\t\t\t\t\t\t\t<\/div>\n\t\t\t\t<\/div>\n\t\t\t\t\t<\/div>\n\t\t\t\t<\/div>\n\t\t<div class=\"elementor-element elementor-element-d48749e e-flex e-con-boxed e-con e-parent\" data-id=\"d48749e\" data-element_type=\"container\">\n\t\t\t\t\t<div class=\"e-con-inner\">\n\t\t<div class=\"elementor-element elementor-element-4bf6a3a e-con-full e-flex e-con e-child\" data-id=\"4bf6a3a\" data-element_type=\"container\">\n\t\t\t\t<div class=\"elementor-element elementor-element-a4529e4 elementor-widget elementor-widget-button\" data-id=\"a4529e4\" data-element_type=\"widget\" data-widget_type=\"button.default\">\n\t\t\t\t<div class=\"elementor-widget-container\">\n\t\t\t\t\t\t\t\t\t<div class=\"elementor-button-wrapper\">\n\t\t\t\t\t<a class=\"elementor-button elementor-size-sm\" role=\"button\">\n\t\t\t\t\t\t<span class=\"elementor-button-content-wrapper\">\n\t\t\t\t\t\t\t\t\t<span class=\"elementor-button-text\">Inscri\u00e7\u00e3o 300\/400cc - R$600,00<\/span>\n\t\t\t\t\t<\/span>\n\t\t\t\t\t<\/a>\n\t\t\t\t<\/div>\n\t\t\t\t\t\t\t\t<\/div>\n\t\t\t\t<\/div>\n\t\t\t\t<div class=\"elementor-element elementor-element-6232268 elementor-widget elementor-widget-image\" data-id=\"6232268\" data-element_type=\"widget\" data-widget_type=\"image.default\">\n\t\t\t\t<div class=\"elementor-widget-container\">\n\t\t\t\t\t\t\t\t\t\t\t\t\t\t\t<img fetchpriority=\"high\" decoding=\"async\" width=\"300\" height=\"298\" src=\"https:\/\/www.copapotenza.com.br\/wp-content\/uploads\/2025\/05\/600reais-300x298.png\" class=\"attachment-medium size-medium wp-image-496\" alt=\"\" srcset=\"https:\/\/www.copapotenza.com.br\/wp-content\/uploads\/2025\/05\/600reais-300x298.png 300w, https:\/\/www.copapotenza.com.br\/wp-content\/uploads\/2025\/05\/600reais-150x150.png 150w, https:\/\/www.copapotenza.com.br\/wp-content\/uploads\/2025\/05\/600reais.png 448w\" sizes=\"(max-width: 300px) 100vw, 300px\" \/>\t\t\t\t\t\t\t\t\t\t\t\t\t\t\t<\/div>\n\t\t\t\t<\/div>\n\t\t\t\t<div class=\"elementor-element elementor-element-3727583 elementor-align-center elementor-widget elementor-widget-button\" data-id=\"3727583\" data-element_type=\"widget\" id=\"copiar-pix2\" data-widget_type=\"button.default\">\n\t\t\t\t<div class=\"elementor-widget-container\">\n\t\t\t\t\t\t\t\t\t<div class=\"elementor-button-wrapper\">\n\t\t\t\t\t<a class=\"elementor-button elementor-button-link elementor-size-sm\" href=\"#\">\n\t\t\t\t\t\t<span class=\"elementor-button-content-wrapper\">\n\t\t\t\t\t\t\t\t\t<span class=\"elementor-button-text\">Pix Copia e cola<\/span>\n\t\t\t\t\t<\/span>\n\t\t\t\t\t<\/a>\n\t\t\t\t<\/div>\n\t\t\t\t\t\t\t\t<\/div>\n\t\t\t\t<\/div>\n\t\t\t\t<\/div>\n\t\t<div class=\"elementor-element elementor-element-c39c5cb e-con-full e-flex e-con e-child\" data-id=\"c39c5cb\" data-element_type=\"container\">\n\t\t\t\t<div class=\"elementor-element elementor-element-0faacc3 elementor-widget elementor-widget-button\" data-id=\"0faacc3\" data-element_type=\"widget\" data-widget_type=\"button.default\">\n\t\t\t\t<div class=\"elementor-widget-container\">\n\t\t\t\t\t\t\t\t\t<div class=\"elementor-button-wrapper\">\n\t\t\t\t\t<a class=\"elementor-button elementor-size-sm\" role=\"button\">\n\t\t\t\t\t\t<span class=\"elementor-button-content-wrapper\">\n\t\t\t\t\t\t\t\t\t<span class=\"elementor-button-text\">Inscri\u00e7\u00e3o 600cc - R$ 800,00<\/span>\n\t\t\t\t\t<\/span>\n\t\t\t\t\t<\/a>\n\t\t\t\t<\/div>\n\t\t\t\t\t\t\t\t<\/div>\n\t\t\t\t<\/div>\n\t\t\t\t<div class=\"elementor-element elementor-element-fd1be01 elementor-widget elementor-widget-image\" data-id=\"fd1be01\" data-element_type=\"widget\" data-widget_type=\"image.default\">\n\t\t\t\t<div class=\"elementor-widget-container\">\n\t\t\t\t\t\t\t\t\t\t\t\t\t\t\t<img decoding=\"async\" width=\"297\" height=\"300\" src=\"https:\/\/www.copapotenza.com.br\/wp-content\/uploads\/2025\/05\/800reais-297x300.png\" class=\"attachment-medium size-medium wp-image-497\" alt=\"\" srcset=\"https:\/\/www.copapotenza.com.br\/wp-content\/uploads\/2025\/05\/800reais-297x300.png 297w, https:\/\/www.copapotenza.com.br\/wp-content\/uploads\/2025\/05\/800reais.png 390w\" sizes=\"(max-width: 297px) 100vw, 297px\" \/>\t\t\t\t\t\t\t\t\t\t\t\t\t\t\t<\/div>\n\t\t\t\t<\/div>\n\t\t\t\t<div class=\"elementor-element elementor-element-f7b416b elementor-align-center elementor-widget elementor-widget-button\" data-id=\"f7b416b\" data-element_type=\"widget\" id=\"copiar-pix3\" data-widget_type=\"button.default\">\n\t\t\t\t<div class=\"elementor-widget-container\">\n\t\t\t\t\t\t\t\t\t<div class=\"elementor-button-wrapper\">\n\t\t\t\t\t<a class=\"elementor-button elementor-button-link elementor-size-sm\" href=\"#\">\n\t\t\t\t\t\t<span class=\"elementor-button-content-wrapper\">\n\t\t\t\t\t\t\t\t\t<span class=\"elementor-button-text\">Pix Copia e cola<\/span>\n\t\t\t\t\t<\/span>\n\t\t\t\t\t<\/a>\n\t\t\t\t<\/div>\n\t\t\t\t\t\t\t\t<\/div>\n\t\t\t\t<\/div>\n\t\t\t\t<\/div>\n\t\t<div class=\"elementor-element elementor-element-b7a9b47 e-con-full e-flex e-con e-child\" data-id=\"b7a9b47\" data-element_type=\"container\">\n\t\t\t\t<div class=\"elementor-element elementor-element-4166a9f elementor-widget elementor-widget-button\" data-id=\"4166a9f\" data-element_type=\"widget\" data-widget_type=\"button.default\">\n\t\t\t\t<div class=\"elementor-widget-container\">\n\t\t\t\t\t\t\t\t\t<div class=\"elementor-button-wrapper\">\n\t\t\t\t\t<a class=\"elementor-button elementor-size-sm\" role=\"button\">\n\t\t\t\t\t\t<span class=\"elementor-button-content-wrapper\">\n\t\t\t\t\t\t\t\t\t<span class=\"elementor-button-text\">Inscri\u00e7\u00e3o 1000cc - R$ 900,00<\/span>\n\t\t\t\t\t<\/span>\n\t\t\t\t\t<\/a>\n\t\t\t\t<\/div>\n\t\t\t\t\t\t\t\t<\/div>\n\t\t\t\t<\/div>\n\t\t\t\t<div class=\"elementor-element elementor-element-eb69bf2 elementor-widget elementor-widget-image\" data-id=\"eb69bf2\" data-element_type=\"widget\" data-widget_type=\"image.default\">\n\t\t\t\t<div class=\"elementor-widget-container\">\n\t\t\t\t\t\t\t\t\t\t\t\t\t\t\t<img decoding=\"async\" width=\"300\" height=\"295\" src=\"https:\/\/www.copapotenza.com.br\/wp-content\/uploads\/2025\/05\/900reais-300x295.png\" class=\"attachment-medium size-medium wp-image-498\" alt=\"\" srcset=\"https:\/\/www.copapotenza.com.br\/wp-content\/uploads\/2025\/05\/900reais-300x295.png 300w, https:\/\/www.copapotenza.com.br\/wp-content\/uploads\/2025\/05\/900reais.png 399w\" sizes=\"(max-width: 300px) 100vw, 300px\" \/>\t\t\t\t\t\t\t\t\t\t\t\t\t\t\t<\/div>\n\t\t\t\t<\/div>\n\t\t\t\t<div class=\"elementor-element elementor-element-0c794ad elementor-align-center elementor-widget elementor-widget-button\" data-id=\"0c794ad\" data-element_type=\"widget\" id=\"copiar-pix4\" data-widget_type=\"button.default\">\n\t\t\t\t<div class=\"elementor-widget-container\">\n\t\t\t\t\t\t\t\t\t<div class=\"elementor-button-wrapper\">\n\t\t\t\t\t<a class=\"elementor-button elementor-button-link elementor-size-sm\" href=\"#\">\n\t\t\t\t\t\t<span class=\"elementor-button-content-wrapper\">\n\t\t\t\t\t\t\t\t\t<span class=\"elementor-button-text\">Pix Copia e cola<\/span>\n\t\t\t\t\t<\/span>\n\t\t\t\t\t<\/a>\n\t\t\t\t<\/div>\n\t\t\t\t\t\t\t\t<\/div>\n\t\t\t\t<\/div>\n\t\t\t\t<\/div>\n\t\t\t\t\t<\/div>\n\t\t\t\t<\/div>\n\t\t<div class=\"elementor-element elementor-element-82127d0 e-flex e-con-boxed e-con e-parent\" data-id=\"82127d0\" data-element_type=\"container\">\n\t\t\t\t\t<div class=\"e-con-inner\">\n\t\t\t\t<div class=\"elementor-element elementor-element-b5b24fc elementor-widget elementor-widget-html\" data-id=\"b5b24fc\" data-element_type=\"widget\" data-widget_type=\"html.default\">\n\t\t\t\t<div class=\"elementor-widget-container\">\n\t\t\t\t\t<!-- PIX 1 -->\r\n<textarea id=\"pixCode2\" style=\"position: absolute; left: -9999px;\">00020101021226910014BR.GOV.BCB.PIX2569qrpix.bradesco.com.br\/qr\/v2\/cobv\/4e0e3995-e750-4e5b-8ce6-f8b2daab82105204000053039865406600.005802BR5925POTENZA RACE AUTODROMO EI6011LIMA DUARTE62070503***63044BD7<\/textarea>\r\n\r\n<textarea id=\"pixCode3\" style=\"position: absolute; left: -9999px;\">00020126360014BR.GOV.BCB.PIX0114209648720001875204000053039865406800.005802BR5925POTENZA RACE AUTODROMO EI6011LIMA DUARTE62170513Inscriodas6006304F09B<\/textarea>\r\n\r\n<textarea id=\"pixCode4\" style=\"position: absolute; left: -9999px;\">00020126360014BR.GOV.BCB.PIX0114209648720001875204000053039865406900.005802BR5925POTENZA RACE AUTODROMO EI6011LIMA DUARTE62180514Inscriodas100063047085<\/textarea>\t\t\t\t<\/div>\n\t\t\t\t<\/div>\n\t\t\t\t\t<\/div>\n\t\t\t\t<\/div>\n\t\t\t\t<\/div>\n\t\t","protected":false},"excerpt":{"rendered":"<p>Participe desse sucesso!!! Voc\u00ea est\u00e1 a poucos passos de acelerar no Aut\u00f3dromo Internacional Potenza! A Copa Potenza de Motovelocidade \u00e9 uma competi\u00e7\u00e3o que valoriza o talento dos pilotos, com organiza\u00e7\u00e3o s\u00e9ria, estrutura profissional e transmiss\u00e3o ao vivo com narra\u00e7\u00e3o do renomado Ale Eiras no canal Torcida Web. Como funciona: A inscri\u00e7\u00e3o \u00e9 feita etapa por [&hellip;]<\/p>\n","protected":false},"author":1,"featured_media":0,"parent":0,"menu_order":0,"comment_status":"closed","ping_status":"closed","template":"","meta":{"footnotes":""},"class_list":["post-347","page","type-page","status-publish","hentry"],"rttpg_featured_image_url":null,"rttpg_author":{"display_name":"admin","author_link":"https:\/\/www.copapotenza.com.br\/?author=1"},"rttpg_comment":0,"rttpg_category":null,"rttpg_excerpt":"Participe desse sucesso!!! Voc\u00ea est\u00e1 a poucos passos de acelerar no Aut\u00f3dromo Internacional Potenza! A Copa Potenza de Motovelocidade \u00e9 uma competi\u00e7\u00e3o que valoriza o talento dos pilotos, com organiza\u00e7\u00e3o s\u00e9ria, estrutura profissional e transmiss\u00e3o ao vivo com narra\u00e7\u00e3o do renomado Ale Eiras no canal Torcida Web. Como funciona: A inscri\u00e7\u00e3o \u00e9 feita etapa por&hellip;","_links":{"self":[{"href":"https:\/\/www.copapotenza.com.br\/index.php?rest_route=\/wp\/v2\/pages\/347","targetHints":{"allow":["GET"]}}],"collection":[{"href":"https:\/\/www.copapotenza.com.br\/index.php?rest_route=\/wp\/v2\/pages"}],"about":[{"href":"https:\/\/www.copapotenza.com.br\/index.php?rest_route=\/wp\/v2\/types\/page"}],"author":[{"embeddable":true,"href":"https:\/\/www.copapotenza.com.br\/index.php?rest_route=\/wp\/v2\/users\/1"}],"replies":[{"embeddable":true,"href":"https:\/\/www.copapotenza.com.br\/index.php?rest_route=%2Fwp%2Fv2%2Fcomments&post=347"}],"version-history":[{"count":5,"href":"https:\/\/www.copapotenza.com.br\/index.php?rest_route=\/wp\/v2\/pages\/347\/revisions"}],"predecessor-version":[{"id":1856,"href":"https:\/\/www.copapotenza.com.br\/index.php?rest_route=\/wp\/v2\/pages\/347\/revisions\/1856"}],"wp:attachment":[{"href":"https:\/\/www.copapotenza.com.br\/index.php?rest_route=%2Fwp%2Fv2%2Fmedia&parent=347"}],"curies":[{"name":"wp","href":"https:\/\/api.w.org\/{rel}","templated":true}]}}