{"id":329,"date":"2025-05-20T15:21:05","date_gmt":"2025-05-20T15:21:05","guid":{"rendered":"https:\/\/copapotenza.weela.com.br\/?page_id=329"},"modified":"2025-05-23T21:50:04","modified_gmt":"2025-05-23T21:50:04","slug":"doacao-para-o-desenvolvedor","status":"publish","type":"page","link":"https:\/\/www.copapotenza.com.br\/?page_id=329","title":{"rendered":"Apoie este projeto"},"content":{"rendered":"\t\t<div data-elementor-type=\"wp-page\" data-elementor-id=\"329\" class=\"elementor elementor-329\" data-elementor-post-type=\"page\">\n\t\t\t\t<div class=\"elementor-element elementor-element-9cb9ec5 e-flex e-con-boxed e-con e-parent\" data-id=\"9cb9ec5\" data-element_type=\"container\">\n\t\t\t\t\t<div class=\"e-con-inner\">\n\t\t\t\t<div class=\"elementor-element elementor-element-e8d5406 elementor-widget elementor-widget-heading\" data-id=\"e8d5406\" data-element_type=\"widget\" data-widget_type=\"heading.default\">\n\t\t\t\t<div class=\"elementor-widget-container\">\n\t\t\t\t\t<h2 class=\"elementor-heading-title elementor-size-default\">Apoie este Projeto!!!<\/h2>\t\t\t\t<\/div>\n\t\t\t\t<\/div>\n\t\t\t\t\t<\/div>\n\t\t\t\t<\/div>\n\t\t<div class=\"elementor-element elementor-element-e4474df e-flex e-con-boxed e-con e-parent\" data-id=\"e4474df\" data-element_type=\"container\">\n\t\t\t\t\t<div class=\"e-con-inner\">\n\t\t\t\t<div class=\"elementor-element elementor-element-9995218 elementor-widget elementor-widget-text-editor\" data-id=\"9995218\" data-element_type=\"widget\" data-widget_type=\"text-editor.default\">\n\t\t\t\t<div class=\"elementor-widget-container\">\n\t\t\t\t\t\t\t\t\t<p data-start=\"176\" data-end=\"382\">A <strong data-start=\"178\" data-end=\"194\">Copa Potenza<\/strong> \u00e9 movida pela paix\u00e3o pela motovelocidade \u2014 e este site tamb\u00e9m.<\/p><p data-start=\"176\" data-end=\"382\">Ele foi desenvolvido <strong data-start=\"281\" data-end=\"304\">de forma volunt\u00e1ria<\/strong>, com o objetivo de fortalecer o evento, apoiar os pilotos e aproximar os f\u00e3s.<\/p><p data-start=\"384\" data-end=\"605\">Se este conte\u00fado est\u00e1 sendo \u00fatil para voc\u00ea, <strong data-start=\"428\" data-end=\"458\">considere fazer uma d<\/strong><strong data-start=\"428\" data-end=\"458\">oa\u00e7\u00e3o<\/strong>.<\/p><p data-start=\"384\" data-end=\"605\">Qualquer valor ajuda a manter este espa\u00e7o no ar, cobrir custos de hospedagem e continuar divulgando tudo que acontece dentro e fora das pistas.<\/p><p data-start=\"607\" data-end=\"652\"><strong data-start=\"610\" data-end=\"652\">Contribua e acelere ju<\/strong><strong data-start=\"610\" data-end=\"652\">nto com a gente.<\/strong><\/p><p data-start=\"176\" data-end=\"382\">Para ajudar com qualquer valor escolha abaixo o QR Code ou o Pix Copia e cola:<\/p>\t\t\t\t\t\t\t\t<\/div>\n\t\t\t\t<\/div>\n\t\t\t\t\t<\/div>\n\t\t\t\t<\/div>\n\t\t<div class=\"elementor-element elementor-element-3f3d902 e-flex e-con-boxed e-con e-parent\" data-id=\"3f3d902\" data-element_type=\"container\">\n\t\t\t\t\t<div class=\"e-con-inner\">\n\t\t\t\t<div class=\"elementor-element elementor-element-9d447e7 elementor-widget elementor-widget-image\" data-id=\"9d447e7\" data-element_type=\"widget\" data-widget_type=\"image.default\">\n\t\t\t\t<div class=\"elementor-widget-container\">\n\t\t\t\t\t\t\t\t\t\t\t\t\t\t\t<img fetchpriority=\"high\" decoding=\"async\" width=\"300\" height=\"296\" src=\"https:\/\/www.copapotenza.com.br\/wp-content\/uploads\/2025\/05\/qr-pix-desenvolvedor2-300x296.jpg\" class=\"attachment-medium size-medium wp-image-331\" alt=\"\" srcset=\"https:\/\/www.copapotenza.com.br\/wp-content\/uploads\/2025\/05\/qr-pix-desenvolvedor2-300x296.jpg 300w, https:\/\/www.copapotenza.com.br\/wp-content\/uploads\/2025\/05\/qr-pix-desenvolvedor2.jpg 575w\" sizes=\"(max-width: 300px) 100vw, 300px\" \/>\t\t\t\t\t\t\t\t\t\t\t\t\t\t\t<\/div>\n\t\t\t\t<\/div>\n\t\t\t\t\t<\/div>\n\t\t\t\t<\/div>\n\t\t<div class=\"elementor-element elementor-element-491fce2 e-flex e-con-boxed e-con e-parent\" data-id=\"491fce2\" data-element_type=\"container\">\n\t\t\t\t\t<div class=\"e-con-inner\">\n\t\t\t\t<div class=\"elementor-element elementor-element-3727583 elementor-align-center elementor-widget elementor-widget-button\" data-id=\"3727583\" data-element_type=\"widget\" id=\"copiar-pix1\" data-widget_type=\"button.default\">\n\t\t\t\t<div class=\"elementor-widget-container\">\n\t\t\t\t\t\t\t\t\t<div class=\"elementor-button-wrapper\">\n\t\t\t\t\t<a class=\"elementor-button elementor-button-link elementor-size-sm\" href=\"#\">\n\t\t\t\t\t\t<span class=\"elementor-button-content-wrapper\">\n\t\t\t\t\t\t\t\t\t<span class=\"elementor-button-text\">Pix Copia e cola<\/span>\n\t\t\t\t\t<\/span>\n\t\t\t\t\t<\/a>\n\t\t\t\t<\/div>\n\t\t\t\t\t\t\t\t<\/div>\n\t\t\t\t<\/div>\n\t\t\t\t\t<\/div>\n\t\t\t\t<\/div>\n\t\t<div class=\"elementor-element elementor-element-82127d0 e-flex e-con-boxed e-con e-parent\" data-id=\"82127d0\" data-element_type=\"container\">\n\t\t\t\t\t<div class=\"e-con-inner\">\n\t\t\t\t<div class=\"elementor-element elementor-element-b5b24fc elementor-widget elementor-widget-html\" data-id=\"b5b24fc\" data-element_type=\"widget\" data-widget_type=\"html.default\">\n\t\t\t\t<div class=\"elementor-widget-container\">\n\t\t\t\t\t<!-- PIX 1 -->\r\n<textarea id=\"pixCode\" style=\"position: absolute; left: -9999px;\">\r\n00020126360014br.gov.bcb.pix0114+55129978456915204000053039865802BR5920LUIZ GUSTAVO SALGADO6009Sao Paulo62190515sitecopapotenza63049C6C<\/textarea>\t\t\t\t<\/div>\n\t\t\t\t<\/div>\n\t\t\t\t\t<\/div>\n\t\t\t\t<\/div>\n\t\t\t\t<\/div>\n\t\t","protected":false},"excerpt":{"rendered":"<p>Apoie este Projeto!!! A Copa Potenza \u00e9 movida pela paix\u00e3o pela motovelocidade \u2014 e este site tamb\u00e9m. Ele foi desenvolvido de forma volunt\u00e1ria, com o objetivo de fortalecer o evento, apoiar os pilotos e aproximar os f\u00e3s. Se este conte\u00fado est\u00e1 sendo \u00fatil para voc\u00ea, considere fazer uma doa\u00e7\u00e3o. Qualquer valor ajuda a manter este [&hellip;]<\/p>\n","protected":false},"author":1,"featured_media":0,"parent":0,"menu_order":0,"comment_status":"closed","ping_status":"closed","template":"","meta":{"footnotes":""},"class_list":["post-329","page","type-page","status-publish","hentry"],"rttpg_featured_image_url":null,"rttpg_author":{"display_name":"admin","author_link":"https:\/\/www.copapotenza.com.br\/?author=1"},"rttpg_comment":0,"rttpg_category":null,"rttpg_excerpt":"Apoie este Projeto!!! A Copa Potenza \u00e9 movida pela paix\u00e3o pela motovelocidade \u2014 e este site tamb\u00e9m. Ele foi desenvolvido de forma volunt\u00e1ria, com o objetivo de fortalecer o evento, apoiar os pilotos e aproximar os f\u00e3s. Se este conte\u00fado est\u00e1 sendo \u00fatil para voc\u00ea, considere fazer uma doa\u00e7\u00e3o. Qualquer valor ajuda a manter este&hellip;","_links":{"self":[{"href":"https:\/\/www.copapotenza.com.br\/index.php?rest_route=\/wp\/v2\/pages\/329","targetHints":{"allow":["GET"]}}],"collection":[{"href":"https:\/\/www.copapotenza.com.br\/index.php?rest_route=\/wp\/v2\/pages"}],"about":[{"href":"https:\/\/www.copapotenza.com.br\/index.php?rest_route=\/wp\/v2\/types\/page"}],"author":[{"embeddable":true,"href":"https:\/\/www.copapotenza.com.br\/index.php?rest_route=\/wp\/v2\/users\/1"}],"replies":[{"embeddable":true,"href":"https:\/\/www.copapotenza.com.br\/index.php?rest_route=%2Fwp%2Fv2%2Fcomments&post=329"}],"version-history":[{"count":5,"href":"https:\/\/www.copapotenza.com.br\/index.php?rest_route=\/wp\/v2\/pages\/329\/revisions"}],"predecessor-version":[{"id":1212,"href":"https:\/\/www.copapotenza.com.br\/index.php?rest_route=\/wp\/v2\/pages\/329\/revisions\/1212"}],"wp:attachment":[{"href":"https:\/\/www.copapotenza.com.br\/index.php?rest_route=%2Fwp%2Fv2%2Fmedia&parent=329"}],"curies":[{"name":"wp","href":"https:\/\/api.w.org\/{rel}","templated":true}]}}