{"id":2,"date":"2025-04-23T23:57:16","date_gmt":"2025-04-23T23:57:16","guid":{"rendered":"https:\/\/copapotenza.weela.com.br\/?page_id=2"},"modified":"2025-05-19T23:06:06","modified_gmt":"2025-05-19T23:06:06","slug":"sample-page","status":"publish","type":"page","link":"https:\/\/www.copapotenza.com.br\/?page_id=2","title":{"rendered":"Sobre o evento"},"content":{"rendered":"\n<p>A Copa Potenza de Motovelocidade \u00e9 uma competi\u00e7\u00e3o emocionante que atrai pilotos e f\u00e3s de todo o pa\u00eds. Realizada no Aut\u00f3dromo Internacional Potenza, em Lima Duarte, Minas Gerais, a copa oferece corridas nas categorias 300cc, 600cc e 1000cc, proporcionando uma variedade de disputas para todos os gostos.<\/p>\n\n\n\n<p>O aut\u00f3dromo, inaugurado em 2020, possui 3,2 km de extens\u00e3o e 14 curvas, com um formato de arena que permite aos espectadores uma vis\u00e3o completa da pista. <\/p>\n\n\n\n<p>A temporada 2025 da Copa Potenza come\u00e7ou em 30 de mar\u00e7o, com entrada franca para o p\u00fablico.  <\/p>\n\n\n\n<p>As corridas s\u00e3o transmitidas ao vivo pelo YouTube, permitindo que os f\u00e3s acompanhem a a\u00e7\u00e3o de perto.<\/p>\n","protected":false},"excerpt":{"rendered":"<p>A Copa Potenza de Motovelocidade \u00e9 uma competi\u00e7\u00e3o emocionante que atrai pilotos e f\u00e3s de todo o pa\u00eds. Realizada no Aut\u00f3dromo Internacional Potenza, em Lima Duarte, Minas Gerais, a copa oferece corridas nas categorias 300cc, 600cc e 1000cc, proporcionando uma variedade de disputas para todos os gostos. O aut\u00f3dromo, inaugurado em 2020, possui 3,2 km [&hellip;]<\/p>\n","protected":false},"author":1,"featured_media":0,"parent":0,"menu_order":0,"comment_status":"closed","ping_status":"open","template":"","meta":{"footnotes":""},"class_list":["post-2","page","type-page","status-publish","hentry"],"rttpg_featured_image_url":null,"rttpg_author":{"display_name":"admin","author_link":"https:\/\/www.copapotenza.com.br\/?author=1"},"rttpg_comment":0,"rttpg_category":null,"rttpg_excerpt":"A Copa Potenza de Motovelocidade \u00e9 uma competi\u00e7\u00e3o emocionante que atrai pilotos e f\u00e3s de todo o pa\u00eds. Realizada no Aut\u00f3dromo Internacional Potenza, em Lima Duarte, Minas Gerais, a copa oferece corridas nas categorias 300cc, 600cc e 1000cc, proporcionando uma variedade de disputas para todos os gostos. O aut\u00f3dromo, inaugurado em 2020, possui 3,2 km&hellip;","_links":{"self":[{"href":"https:\/\/www.copapotenza.com.br\/index.php?rest_route=\/wp\/v2\/pages\/2","targetHints":{"allow":["GET"]}}],"collection":[{"href":"https:\/\/www.copapotenza.com.br\/index.php?rest_route=\/wp\/v2\/pages"}],"about":[{"href":"https:\/\/www.copapotenza.com.br\/index.php?rest_route=\/wp\/v2\/types\/page"}],"author":[{"embeddable":true,"href":"https:\/\/www.copapotenza.com.br\/index.php?rest_route=\/wp\/v2\/users\/1"}],"replies":[{"embeddable":true,"href":"https:\/\/www.copapotenza.com.br\/index.php?rest_route=%2Fwp%2Fv2%2Fcomments&post=2"}],"version-history":[{"count":1,"href":"https:\/\/www.copapotenza.com.br\/index.php?rest_route=\/wp\/v2\/pages\/2\/revisions"}],"predecessor-version":[{"id":6,"href":"https:\/\/www.copapotenza.com.br\/index.php?rest_route=\/wp\/v2\/pages\/2\/revisions\/6"}],"wp:attachment":[{"href":"https:\/\/www.copapotenza.com.br\/index.php?rest_route=%2Fwp%2Fv2%2Fmedia&parent=2"}],"curies":[{"name":"wp","href":"https:\/\/api.w.org\/{rel}","templated":true}]}}